{"id":44,"date":"2020-12-17T21:03:01","date_gmt":"2020-12-17T21:03:01","guid":{"rendered":"http:\/\/eliteradioytelevision.com\/?page_id=44"},"modified":"2025-07-28T21:10:27","modified_gmt":"2025-07-28T21:10:27","slug":"nosotros","status":"publish","type":"page","link":"https:\/\/eliteradioytelevision.com\/index.php\/nosotros\/","title":{"rendered":"NOSOTROS"},"content":{"rendered":"<p>[et_pb_section fb_built=\u00bb1&#8243; _builder_version=\u00bb4.27.4&#8243; _module_preset=\u00bbdefault\u00bb min_height=\u00bb721px\u00bb global_colors_info=\u00bb{}\u00bb][et_pb_row _builder_version=\u00bb4.27.4&#8243; _module_preset=\u00bbdefault\u00bb min_height=\u00bb422.5px\u00bb global_colors_info=\u00bb{}\u00bb][et_pb_column type=\u00bb4_4&#8243; _builder_version=\u00bb4.27.4&#8243; _module_preset=\u00bbdefault\u00bb global_colors_info=\u00bb{}\u00bb][et_pb_accordion _builder_version=\u00bb4.27.4&#8243; _module_preset=\u00bbdefault\u00bb min_height=\u00bb293.5px\u00bb global_colors_info=\u00bb{}\u00bb][et_pb_accordion_item title=\u00bbNOSOTROS \u00bb open=\u00bboff\u00bb _builder_version=\u00bb4.27.4&#8243; _module_preset=\u00bbdefault\u00bb global_colors_info=\u00bb{}\u00bb]<\/p>\n<p>ELITE RADIO Y TELEVISI\u00d3N \u00a0es m\u00e1s que una radio y canal de\u00a0 televisi\u00f3n: somos una ventana abierta a la actualidad, el entretenimiento y la cultura que nos conecta con nuestras ra\u00edces y el mundo. Con programaci\u00f3n variada y de alta calidad, nuestro canal est\u00e1 dise\u00f1ado para informar, educar y entretener a p\u00fablicos de todas las edades.<\/p>\n<p>Desde noticieros con informaci\u00f3n veraz y oportuna, hasta programas culturales, deportivos, educativos y de entretenimiento, nuestro compromiso es ofrecer contenido relevante, din\u00e1mico y cercano a nuestra audiencia. Apostamos por el talento local, la innovaci\u00f3n audiovisual y la participaci\u00f3n ciudadana, consolid\u00e1ndonos como una plataforma de comunicaci\u00f3n que representa la identidad de nuestra gente.<\/p>\n<p>Estamos presentes en todas las pantallas y plataformas: televisi\u00f3n abierta Canal 45, Radio 103.3 f.m,\u00a0 redes sociales y plataformas digitales, para que nos veas donde quieras y cuando quieras.<\/p>\n<p>ELITE RADIO Y TELEVISI\u00d3N, tu voz, tu canal, tu conexi\u00f3n.<\/p>\n<p>[\/et_pb_accordion_item][et_pb_accordion_item title=\u00bbElite Radio 103.3 F.M\u00a0\u00bb _builder_version=\u00bb4.27.4&#8243; _module_preset=\u00bbdefault\u00bb global_colors_info=\u00bb{}\u00bb open=\u00bbon\u00bb]<\/p>\n<p>Es una estaci\u00f3n de radio con mas de 35 a\u00f1os al aire siendo la primera F.M de la Provincia de Cotopaxi y su capital Latacunga, siendo parte de la cultura y tradici\u00f3n period\u00edstica de la regi\u00f3n ya que nuestra se\u00f1al cubre las provincias de Cotopaxi y Tungurahua con una se\u00f1al n\u00edtida y de alta calidad con programaci\u00f3n musical para todas las edades, programas informativos y de noticias con un mensaje profesional y veraz.\u00a0<\/p>\n<p>Elite Televisi\u00f3n Canal 45<\/p>\n<p>Es un canal con 8 a\u00f1os de funcionamiento que cubre las provincias de Cotopaxi y Tungurahua,\u00a0 enfocado a informar, orientar y entretener a su publico objetivo con programas de opini\u00f3n , noticieros, reportajes, series y pel\u00edculas que se convierte en un canal familiar donde cualquier persona de cualquier edad puede acceder a nuestro contenido.\u00a0 \u00a0 \u00a0 \u00a0<\/p>\n<p>[\/et_pb_accordion_item][\/et_pb_accordion][\/et_pb_column][\/et_pb_row][\/et_pb_section]<\/p>\n","protected":false},"excerpt":{"rendered":"<p>ELITE RADIO Y TELEVISI\u00d3N \u00a0es m\u00e1s que una radio y canal de\u00a0 televisi\u00f3n: somos una ventana abierta a la actualidad, el entretenimiento y la cultura que nos conecta con nuestras ra\u00edces y el mundo. Con programaci\u00f3n variada y de alta calidad, nuestro canal est\u00e1 dise\u00f1ado para informar, educar y entretener a p\u00fablicos de todas las [&hellip;]<\/p>\n","protected":false},"author":1,"featured_media":0,"parent":0,"menu_order":0,"comment_status":"closed","ping_status":"closed","template":"","meta":{"_et_pb_use_builder":"on","_et_pb_old_content":"[vc_row][vc_column width=\"1\/2\"][vc_images_carousel images=\"125,126,127,128\" img_size=\"full\" autoplay=\"yes\" css_animation=\"slideInLeft\"][vc_column_text]\r\n<h2 style=\"text-align: center;\"><strong>LATACUNGA<\/strong><\/h2>\r\n[\/vc_column_text][\/vc_column][vc_column width=\"1\/2\"][vc_column_text]\r\n<h2 style=\"text-align: center;\"><strong>AMBATO<\/strong><\/h2>\r\n[\/vc_column_text][vc_images_carousel images=\"133,134,135,136\" img_size=\"full\" autoplay=\"yes\" css_animation=\"bounceInLeft\"][\/vc_column][\/vc_row]","_et_gb_content_width":""},"_links":{"self":[{"href":"https:\/\/eliteradioytelevision.com\/index.php\/wp-json\/wp\/v2\/pages\/44"}],"collection":[{"href":"https:\/\/eliteradioytelevision.com\/index.php\/wp-json\/wp\/v2\/pages"}],"about":[{"href":"https:\/\/eliteradioytelevision.com\/index.php\/wp-json\/wp\/v2\/types\/page"}],"author":[{"embeddable":true,"href":"https:\/\/eliteradioytelevision.com\/index.php\/wp-json\/wp\/v2\/users\/1"}],"replies":[{"embeddable":true,"href":"https:\/\/eliteradioytelevision.com\/index.php\/wp-json\/wp\/v2\/comments?post=44"}],"version-history":[{"count":9,"href":"https:\/\/eliteradioytelevision.com\/index.php\/wp-json\/wp\/v2\/pages\/44\/revisions"}],"predecessor-version":[{"id":345,"href":"https:\/\/eliteradioytelevision.com\/index.php\/wp-json\/wp\/v2\/pages\/44\/revisions\/345"}],"wp:attachment":[{"href":"https:\/\/eliteradioytelevision.com\/index.php\/wp-json\/wp\/v2\/media?parent=44"}],"curies":[{"name":"wp","href":"https:\/\/api.w.org\/{rel}","templated":true}]}}